{"id":1160,"date":"2024-05-07T17:33:16","date_gmt":"2024-05-07T15:33:16","guid":{"rendered":"http:\/\/naturalflash.us\/?post_type=product&#038;p=1160"},"modified":"2024-07-25T03:50:43","modified_gmt":"2024-07-25T01:50:43","slug":"biotech-usa","status":"publish","type":"product","link":"https:\/\/naturalflash.us\/en\/product\/biotech-usa\/","title":{"rendered":"BIOTECH USA"},"content":{"rendered":"<p><span style=\"font-weight: 400;\">Take care of your joints and bones with the Biotech Usa Food Supplement! Specifically designed to help maintain the health of your joints and bones, this supplement is an essential tool for those seeking relief and support from arthritis and osteoarthritis. After years of wear and tear, your joints and bones need support to stay strong and healthy.<\/span><\/p>\n<p><span style=\"font-weight: 400;\">Our formula is enriched with key nutrients that promote bone and joint health, helping you prevent injuries and relieve symptoms of arthritis and osteoarthritis. Best of all, our formula offers easy digestion and rapid absorption, without generating heaviness or fullness. Give your joints and bones the support they need for a better quality of life!<\/span><\/p>","protected":false},"excerpt":{"rendered":"<div class=\"container-all-cards-ingredients\">\n<div class=\"container-ingredients\">\n<p><img fetchpriority=\"high\" decoding=\"async\" class=\"alignnone wp-image-4084\" src=\"http:\/\/naturalflash.us\/wp-content\/uploads\/2024\/05\/COLAGENO-HIDROLIZADO-300x300.jpg\" alt=\"\" width=\"250\" height=\"250\" srcset=\"https:\/\/naturalflash.us\/wp-content\/uploads\/2024\/05\/COLAGENO-HIDROLIZADO-300x300.jpg 300w, https:\/\/naturalflash.us\/wp-content\/uploads\/2024\/05\/COLAGENO-HIDROLIZADO-1024x1024.jpg 1024w, https:\/\/naturalflash.us\/wp-content\/uploads\/2024\/05\/COLAGENO-HIDROLIZADO-150x150.jpg 150w, https:\/\/naturalflash.us\/wp-content\/uploads\/2024\/05\/COLAGENO-HIDROLIZADO-768x768.jpg 768w, https:\/\/naturalflash.us\/wp-content\/uploads\/2024\/05\/COLAGENO-HIDROLIZADO-1536x1536.jpg 1536w, https:\/\/naturalflash.us\/wp-content\/uploads\/2024\/05\/COLAGENO-HIDROLIZADO-2048x2048.jpg 2048w, https:\/\/naturalflash.us\/wp-content\/uploads\/2024\/05\/COLAGENO-HIDROLIZADO-12x12.jpg 12w, https:\/\/naturalflash.us\/wp-content\/uploads\/2024\/05\/COLAGENO-HIDROLIZADO-100x100.jpg 100w, https:\/\/naturalflash.us\/wp-content\/uploads\/2024\/05\/COLAGENO-HIDROLIZADO-600x600.jpg 600w, https:\/\/naturalflash.us\/wp-content\/uploads\/2024\/05\/COLAGENO-HIDROLIZADO-64x64.jpg 64w\" sizes=\"(max-width: 250px) 100vw, 250px\" \/><\/p>\n<div class=\"content-txt-ingredientes\">\n<h3 style=\"text-align: center;\"><span style=\"font-weight: 400;\">COL\u00c1GENO HIDROLIZADO<\/span>:<\/h3>\n<p>Su funci\u00f3n es antioxidante, previene el desgaste de las articulaciones, evita los dolores de enfermedades como la artritis o la artrosis. Ayuda a reforzar los huesos, brinda buen funcionamiento de los cart\u00edlagos, tendones y m\u00fasculos; permitiendo una mayor adsorci\u00f3n de calcio a trav\u00e9s de los alimentos.<\/p>\n<\/div>\n<\/div>\n<div class=\"container-ingredients\">\n<p><img decoding=\"async\" class=\"alignnone wp-image-4085\" src=\"http:\/\/naturalflash.us\/wp-content\/uploads\/2024\/05\/GLUTAMINA-300x300.jpg\" alt=\"\" width=\"250\" height=\"250\" srcset=\"https:\/\/naturalflash.us\/wp-content\/uploads\/2024\/05\/GLUTAMINA-300x300.jpg 300w, https:\/\/naturalflash.us\/wp-content\/uploads\/2024\/05\/GLUTAMINA-1024x1024.jpg 1024w, https:\/\/naturalflash.us\/wp-content\/uploads\/2024\/05\/GLUTAMINA-150x150.jpg 150w, https:\/\/naturalflash.us\/wp-content\/uploads\/2024\/05\/GLUTAMINA-768x768.jpg 768w, https:\/\/naturalflash.us\/wp-content\/uploads\/2024\/05\/GLUTAMINA-1536x1536.jpg 1536w, https:\/\/naturalflash.us\/wp-content\/uploads\/2024\/05\/GLUTAMINA-2048x2048.jpg 2048w, https:\/\/naturalflash.us\/wp-content\/uploads\/2024\/05\/GLUTAMINA-12x12.jpg 12w, https:\/\/naturalflash.us\/wp-content\/uploads\/2024\/05\/GLUTAMINA-100x100.jpg 100w, https:\/\/naturalflash.us\/wp-content\/uploads\/2024\/05\/GLUTAMINA-600x600.jpg 600w, https:\/\/naturalflash.us\/wp-content\/uploads\/2024\/05\/GLUTAMINA-64x64.jpg 64w\" sizes=\"(max-width: 250px) 100vw, 250px\" \/><\/p>\n<div class=\"content-txt-ingredientes\">\n<h3 style=\"text-align: center;\"><span style=\"font-weight: 400;\">GLUTAMINA<\/span>:<\/h3>\n<p>Es un amino\u00e1cido con una composici\u00f3n abundante en plasma y m\u00fasculo, de ideal consumo en procesos de recuperaci\u00f3n o restauraci\u00f3n de articulaciones y huesos. Tiene capacidad para regenerar, que favorecen la adsorci\u00f3n de nutrientes actuando sobre el torrente sangu\u00edneo.<\/p>\n<\/div>\n<\/div>\n<div class=\"container-ingredients\">\n<p><img decoding=\"async\" class=\"alignnone wp-image-4086\" src=\"http:\/\/naturalflash.us\/wp-content\/uploads\/2024\/05\/VITAMINAS-Y-MINERALES-300x300.jpg\" alt=\"\" width=\"250\" height=\"250\" srcset=\"https:\/\/naturalflash.us\/wp-content\/uploads\/2024\/05\/VITAMINAS-Y-MINERALES-300x300.jpg 300w, https:\/\/naturalflash.us\/wp-content\/uploads\/2024\/05\/VITAMINAS-Y-MINERALES-1024x1024.jpg 1024w, https:\/\/naturalflash.us\/wp-content\/uploads\/2024\/05\/VITAMINAS-Y-MINERALES-150x150.jpg 150w, https:\/\/naturalflash.us\/wp-content\/uploads\/2024\/05\/VITAMINAS-Y-MINERALES-768x768.jpg 768w, https:\/\/naturalflash.us\/wp-content\/uploads\/2024\/05\/VITAMINAS-Y-MINERALES-12x12.jpg 12w, https:\/\/naturalflash.us\/wp-content\/uploads\/2024\/05\/VITAMINAS-Y-MINERALES-100x100.jpg 100w, https:\/\/naturalflash.us\/wp-content\/uploads\/2024\/05\/VITAMINAS-Y-MINERALES-600x600.jpg 600w, https:\/\/naturalflash.us\/wp-content\/uploads\/2024\/05\/VITAMINAS-Y-MINERALES-64x64.jpg 64w, https:\/\/naturalflash.us\/wp-content\/uploads\/2024\/05\/VITAMINAS-Y-MINERALES.jpg 1080w\" sizes=\"(max-width: 250px) 100vw, 250px\" \/><\/p>\n<div class=\"content-txt-ingredientes\">\n<h3 style=\"text-align: center;\"><span style=\"font-weight: 400;\">VITAMINAS Y MINERALES<\/span>:<\/h3>\n<p><span style=\"font-weight: 400;\">Son de suma importancia para estimular al sistema inmunitario, aportando omega-3, calcio, hierro, f\u00f3sforo, silicio y magnesio, que dejan de ser adsorbidos en la alimentaci\u00f3n; logrando as\u00ed mejorar la flexibilidad articular, disminuyendo dolor e hinchaz\u00f3n y evitando que los tejidos sufran da\u00f1os permanentes.\u00a0<\/span><\/p>\n<\/div>\n<\/div>\n<\/div>","protected":false},"featured_media":3403,"comment_status":"open","ping_status":"closed","template":"","meta":{"_joinchat":[]},"product_cat":[15],"product_tag":[],"_links":{"self":[{"href":"https:\/\/naturalflash.us\/en\/wp-json\/wp\/v2\/product\/1160"}],"collection":[{"href":"https:\/\/naturalflash.us\/en\/wp-json\/wp\/v2\/product"}],"about":[{"href":"https:\/\/naturalflash.us\/en\/wp-json\/wp\/v2\/types\/product"}],"replies":[{"embeddable":true,"href":"https:\/\/naturalflash.us\/en\/wp-json\/wp\/v2\/comments?post=1160"}],"wp:featuredmedia":[{"embeddable":true,"href":"https:\/\/naturalflash.us\/en\/wp-json\/wp\/v2\/media\/3403"}],"wp:attachment":[{"href":"https:\/\/naturalflash.us\/en\/wp-json\/wp\/v2\/media?parent=1160"}],"wp:term":[{"taxonomy":"product_cat","embeddable":true,"href":"https:\/\/naturalflash.us\/en\/wp-json\/wp\/v2\/product_cat?post=1160"},{"taxonomy":"product_tag","embeddable":true,"href":"https:\/\/naturalflash.us\/en\/wp-json\/wp\/v2\/product_tag?post=1160"}],"curies":[{"name":"wp","href":"https:\/\/api.w.org\/{rel}","templated":true}]}}